{"id":2424,"date":"2021-12-22T00:08:42","date_gmt":"2021-12-22T00:08:42","guid":{"rendered":"https:\/\/owlnight.net\/?page_id=2424"},"modified":"2022-01-31T07:48:50","modified_gmt":"2022-01-31T07:48:50","slug":"philosophy","status":"publish","type":"page","link":"https:\/\/owlnight.net\/es\/philosophy\/","title":{"rendered":"Filosof\u00eda"},"content":{"rendered":"<div data-elementor-type=\"wp-page\" data-elementor-id=\"2424\" class=\"elementor elementor-2424\">\n\t\t\t\t\t\t\t\t\t<section class=\"elementor-section elementor-top-section elementor-element elementor-element-afa33bc elementor-section-height-min-height elementor-section-boxed elementor-section-height-default elementor-section-items-middle\" data-id=\"afa33bc\" data-element_type=\"section\" data-settings=\"{&quot;background_background&quot;:&quot;classic&quot;,&quot;ekit_has_onepagescroll_dot&quot;:&quot;yes&quot;}\">\n\t\t\t\t\t\t\t<div class=\"elementor-background-overlay\"><\/div>\n\t\t\t\t\t\t\t<div class=\"elementor-container elementor-column-gap-default\">\n\t\t\t\t\t<div class=\"elementor-column elementor-col-100 elementor-top-column elementor-element elementor-element-76ea2de\" data-id=\"76ea2de\" data-element_type=\"column\">\n\t\t\t<div class=\"elementor-widget-wrap elementor-element-populated\">\n\t\t\t\t\t\t\t\t\t<\/div>\n\t\t<\/div>\n\t\t\t\t\t\t\t<\/div>\n\t\t<\/section>\n\t\t\t\t<section class=\"elementor-section elementor-top-section elementor-element elementor-element-4c36623 elementor-section-content-middle elementor-section-boxed elementor-section-height-default elementor-section-height-default\" data-id=\"4c36623\" data-element_type=\"section\" data-settings=\"{&quot;background_background&quot;:&quot;classic&quot;,&quot;ekit_has_onepagescroll_dot&quot;:&quot;yes&quot;}\">\n\t\t\t\t\t\t\t<div class=\"elementor-background-overlay\"><\/div>\n\t\t\t\t\t\t\t<div class=\"elementor-container elementor-column-gap-no\">\n\t\t\t\t\t<div class=\"elementor-column elementor-col-100 elementor-top-column elementor-element elementor-element-66d91de\" data-id=\"66d91de\" data-element_type=\"column\">\n\t\t\t<div class=\"elementor-widget-wrap elementor-element-populated\">\n\t\t\t\t\t\t\t\t<section class=\"elementor-section elementor-inner-section elementor-element elementor-element-de3007e elementor-section-boxed elementor-section-height-default elementor-section-height-default\" data-id=\"de3007e\" data-element_type=\"section\" data-settings=\"{&quot;background_background&quot;:&quot;classic&quot;,&quot;ekit_has_onepagescroll_dot&quot;:&quot;yes&quot;}\">\n\t\t\t\t\t\t<div class=\"elementor-container elementor-column-gap-default\">\n\t\t\t\t\t<div class=\"elementor-column elementor-col-100 elementor-inner-column elementor-element elementor-element-1906954 elementor-invisible\" data-id=\"1906954\" data-element_type=\"column\" data-settings=\"{&quot;animation&quot;:&quot;fadeInUp&quot;}\">\n\t\t\t<div class=\"elementor-widget-wrap elementor-element-populated\">\n\t\t\t\t\t\t\t\t<div class=\"elementor-element elementor-element-cc5e501 elementor-headline--style-highlight elementor-widget elementor-widget-animated-headline\" data-id=\"cc5e501\" data-element_type=\"widget\" data-settings=\"{&quot;marker&quot;:&quot;underline&quot;,&quot;highlighted_text&quot;:&quot;optimal development&quot;,&quot;headline_style&quot;:&quot;highlight&quot;,&quot;loop&quot;:&quot;yes&quot;,&quot;highlight_animation_duration&quot;:1200,&quot;highlight_iteration_delay&quot;:8000,&quot;ekit_we_effect_on&quot;:&quot;none&quot;}\" data-widget_type=\"animated-headline.default\">\n\t\t\t\t<div class=\"elementor-widget-container\">\n\t\t\t\t\t<h4 class=\"elementor-headline\">\n\t\t\t\t\t<span class=\"elementor-headline-plain-text elementor-headline-text-wrapper\">Los padres somos responsables de darle a nuestros hijos las herramientas para fomentar un<\/span>\n\t\t\t\t<span class=\"elementor-headline-dynamic-wrapper elementor-headline-text-wrapper\">\n\t\t\t\t\t<span class=\"elementor-headline-dynamic-text elementor-headline-text-active\">desarrollo \u00f3ptimo.<\/span>\n\t\t\t\t<\/span>\n\t\t\t\t<\/h4>\n\t\t\t\t<\/div>\n\t\t\t\t<\/div>\n\t\t\t\t\t<\/div>\n\t\t<\/div>\n\t\t\t\t\t\t\t<\/div>\n\t\t<\/section>\n\t\t\t\t\t<\/div>\n\t\t<\/div>\n\t\t\t\t\t\t\t<\/div>\n\t\t<\/section>\n\t\t\t\t<section class=\"elementor-section elementor-top-section elementor-element elementor-element-344b4a6 elementor-section-content-middle elementor-section-boxed elementor-section-height-default elementor-section-height-default\" data-id=\"344b4a6\" data-element_type=\"section\" data-settings=\"{&quot;background_background&quot;:&quot;classic&quot;,&quot;ekit_has_onepagescroll_dot&quot;:&quot;yes&quot;}\">\n\t\t\t\t\t\t\t<div class=\"elementor-background-overlay\"><\/div>\n\t\t\t\t\t\t\t<div class=\"elementor-container elementor-column-gap-no\">\n\t\t\t\t\t<div class=\"elementor-column elementor-col-50 elementor-top-column elementor-element elementor-element-2f575f2\" data-id=\"2f575f2\" data-element_type=\"column\" data-settings=\"{&quot;motion_fx_motion_fx_scrolling&quot;:&quot;yes&quot;,&quot;motion_fx_translateX_effect&quot;:&quot;yes&quot;,&quot;motion_fx_translateX_direction&quot;:&quot;negative&quot;,&quot;motion_fx_translateX_affectedRange&quot;:{&quot;unit&quot;:&quot;%&quot;,&quot;size&quot;:&quot;&quot;,&quot;sizes&quot;:{&quot;start&quot;:0,&quot;end&quot;:57}},&quot;motion_fx_devices&quot;:[&quot;desktop&quot;],&quot;motion_fx_translateX_speed&quot;:{&quot;unit&quot;:&quot;px&quot;,&quot;size&quot;:4,&quot;sizes&quot;:[]}}\">\n\t\t\t<div class=\"elementor-widget-wrap elementor-element-populated\">\n\t\t\t\t\t\t\t\t<div class=\"elementor-element elementor-element-a0b8677 elementor-hidden-mobile elementor-hidden-tablet elementor-widget elementor-widget-heading\" data-id=\"a0b8677\" data-element_type=\"widget\" data-settings=\"{&quot;ekit_we_effect_on&quot;:&quot;none&quot;}\" data-widget_type=\"heading.default\">\n\t\t\t\t<div class=\"elementor-widget-container\">\n\t\t\t<h1 class=\"elementor-heading-title elementor-size-xxl\">Encontrando el equilibrio<\/h1>\t\t<\/div>\n\t\t\t\t<\/div>\n\t\t\t\t<div class=\"elementor-element elementor-element-a140af9 elementor-hidden-desktop elementor-widget elementor-widget-heading\" data-id=\"a140af9\" data-element_type=\"widget\" data-settings=\"{&quot;ekit_we_effect_on&quot;:&quot;none&quot;}\" data-widget_type=\"heading.default\">\n\t\t\t\t<div class=\"elementor-widget-container\">\n\t\t\t<h1 class=\"elementor-heading-title elementor-size-xxl\">Encontrando el equilibrio<\/h1>\t\t<\/div>\n\t\t\t\t<\/div>\n\t\t\t\t<div class=\"elementor-element elementor-element-dbbd664 elementor-hidden-desktop elementor-widget-divider--separator-type-pattern elementor-widget-divider--view-line elementor-widget elementor-widget-divider\" data-id=\"dbbd664\" data-element_type=\"widget\" data-settings=\"{&quot;ekit_we_effect_on&quot;:&quot;none&quot;}\" data-widget_type=\"divider.default\">\n\t\t\t\t<div class=\"elementor-widget-container\">\n\t\t\t\t\t<div class=\"elementor-divider\" style=\"--divider-pattern-url: url(&quot;data:image\/svg+xml,%3Csvg xmlns=&#039;http:\/\/www.w3.org\/2000\/svg&#039; preserveAspectRatio=&#039;none&#039; overflow=&#039;visible&#039; height=&#039;100%&#039; viewBox=&#039;0 0 24 24&#039; fill=&#039;none&#039; stroke=&#039;black&#039; stroke-width=&#039;3&#039; stroke-linecap=&#039;square&#039; stroke-miterlimit=&#039;10&#039;%3E%3Cpath d=&#039;M0,6c6,0,0.9,11.1,6.9,11.1S18,6,24,6&#039;\/%3E%3C\/svg%3E&quot;);\">\n\t\t\t<span class=\"elementor-divider-separator\">\n\t\t\t\t\t\t<\/span>\n\t\t<\/div>\n\t\t\t\t<\/div>\n\t\t\t\t<\/div>\n\t\t\t\t<div class=\"elementor-element elementor-element-a36b725 elementor-widget elementor-widget-text-editor\" data-id=\"a36b725\" data-element_type=\"widget\" data-settings=\"{&quot;ekit_we_effect_on&quot;:&quot;none&quot;}\" data-widget_type=\"text-editor.default\">\n\t\t\t\t<div class=\"elementor-widget-container\">\n\t\t\t\t\t\t\t<p><span style=\"font-weight: 400;\"><strong><span style=\"color: #ef8b98;\">Tanto para ni\u00f1os como adultos<\/span><\/strong>, dormir es uno de los pilares de nuestro bienestar, es tan importante en nuestras vidas como tener una alimentaci\u00f3n balanceada. Debemos cuidar que su sue\u00f1o sea de calidad para fomentar un <strong><span style=\"color: #475874;\">desarrollo \u00f3ptimo<\/span><\/strong> , por lo que el sue\u00f1o de mis hijos siempre ha sido una prioridad para m\u00ed.<\/span><\/p><p><span style=\"font-weight: 400;\">Cuando <strong><span style=\"color: #f3da7d;\">est\u00e1bamos batallando<\/span><\/strong> con el sue\u00f1o de nuestra hija, investigu\u00e9 sobre todos los m\u00e9todos para dormir que existen en el mercado. El programa '<strong><span style=\"color: #475874;\">Gentle Sleep Coach<\/span><\/strong>', era el \u00fanico que se apegaba a nuestros valores y filosof\u00eda de crianza, por lo que fu\u00e9 el m\u00e9todo que privilegiamos para ense\u00f1ar a dormir a nuestros dos peque\u00f1os.<\/span><\/p><p><span style=\"font-weight: 400;\">\u201cGentle Sleep Coaching\u201d es el \u00fanico m\u00e9todo que yo aplicar\u00eda con mis propios hijos, y por tanto mi elecci\u00f3n cuando decid\u00ed <strong><span style=\"color: #ef8b98;\">certificarme como Asesora de sue\u00f1o infantil<\/span><\/strong>. El m\u00e9todo fue creado por<strong><span style=\"color: #f3da7d;\"> Kim West LCSW-C<\/span><\/strong>, como una alternativa m\u00e1s gradual y gentil para aquellos padres que no est\u00e1n de acuerdo con el m\u00e9todo de \u201cdejar llorar\u201d, o que lo han intentado sin \u00e9xito.<\/span><\/p><p><span style=\"font-weight: 400;\">Se basa en torno a la crianza receptiva, lo que significa que acompa\u00f1amos a nuestros hij@s en el proceso y a medida que ense\u00f1amos esta nueva habilidad, vamos encontrando un balance entre consolar y permitir que <strong><span style=\"color: #475874;\">aprenda a consolarse a s\u00ed mismo.<\/span><\/strong><\/span><\/p><p><span style=\"font-weight: 400;\">No existe a\u00fan un <strong><span style=\"color: #ef8b98;\">m\u00e9todo 100% sin l\u00e1grimas<\/span><\/strong>, pero buscamos reducirlas al m\u00e1ximo. Mi objetivo es crear un plan personalizado que se adapte a tu filosof\u00eda de vida, estilo de crianza, valores y din\u00e1mica familiar, para hacer este proceso tan gentil y gradual como tu lo desees.<\/span><\/p><p><span style=\"font-weight: 400;\">Como padres <strong><span style=\"color: #f3da7d;\">somos responsables<\/span><\/strong> de darle a nuestros hijos las herramientas para fomentar un desarrollo \u00f3ptimo, <strong><span style=\"color: #475874;\">sinti\u00e9ndose contenidos<\/span><\/strong>, amados y reforzando el apego seguro en todo momento.<\/span><\/p>\t\t\t\t\t\t<\/div>\n\t\t\t\t<\/div>\n\t\t\t\t\t<\/div>\n\t\t<\/div>\n\t\t\t\t<div class=\"elementor-column elementor-col-50 elementor-top-column elementor-element elementor-element-8553730\" data-id=\"8553730\" data-element_type=\"column\" data-settings=\"{&quot;motion_fx_motion_fx_scrolling&quot;:&quot;yes&quot;,&quot;motion_fx_translateY_effect&quot;:&quot;yes&quot;,&quot;motion_fx_translateY_affectedRange&quot;:{&quot;unit&quot;:&quot;%&quot;,&quot;size&quot;:&quot;&quot;,&quot;sizes&quot;:{&quot;start&quot;:15,&quot;end&quot;:54}},&quot;motion_fx_devices&quot;:[&quot;desktop&quot;],&quot;motion_fx_translateY_speed&quot;:{&quot;unit&quot;:&quot;px&quot;,&quot;size&quot;:4,&quot;sizes&quot;:[]}}\">\n\t\t\t<div class=\"elementor-widget-wrap elementor-element-populated\">\n\t\t\t\t\t\t\t\t<div class=\"elementor-element elementor-element-b563776 elementor-widget elementor-widget-image\" data-id=\"b563776\" data-element_type=\"widget\" data-settings=\"{&quot;ekit_we_effect_on&quot;:&quot;none&quot;}\" data-widget_type=\"image.default\">\n\t\t\t\t<div class=\"elementor-widget-container\">\n\t\t\t\t\t\t\t\t\t\t\t\t\t\t\t<img loading=\"lazy\" decoding=\"async\" width=\"761\" height=\"1024\" src=\"https:\/\/owlnight.net\/wp-content\/uploads\/2022\/01\/2.-Philosophy-1-1-761x1024.jpg\" class=\"attachment-large size-large wp-image-3686\" alt=\"\" srcset=\"https:\/\/owlnight.net\/wp-content\/uploads\/2022\/01\/2.-Philosophy-1-1-761x1024.jpg 761w, https:\/\/owlnight.net\/wp-content\/uploads\/2022\/01\/2.-Philosophy-1-1-223x300.jpg 223w, https:\/\/owlnight.net\/wp-content\/uploads\/2022\/01\/2.-Philosophy-1-1-768x1034.jpg 768w, https:\/\/owlnight.net\/wp-content\/uploads\/2022\/01\/2.-Philosophy-1-1-1141x1536.jpg 1141w, https:\/\/owlnight.net\/wp-content\/uploads\/2022\/01\/2.-Philosophy-1-1-9x12.jpg 9w, https:\/\/owlnight.net\/wp-content\/uploads\/2022\/01\/2.-Philosophy-1-1.jpg 1337w\" sizes=\"auto, (max-width: 761px) 100vw, 761px\" \/>\t\t\t\t\t\t\t\t\t\t\t\t\t\t\t<\/div>\n\t\t\t\t<\/div>\n\t\t\t\t\t<\/div>\n\t\t<\/div>\n\t\t\t\t\t\t\t<\/div>\n\t\t<\/section>\n\t\t\t\t<section class=\"elementor-section elementor-top-section elementor-element elementor-element-b771722 elementor-section-content-middle elementor-section-boxed elementor-section-height-default elementor-section-height-default\" data-id=\"b771722\" data-element_type=\"section\" data-settings=\"{&quot;background_background&quot;:&quot;classic&quot;,&quot;ekit_has_onepagescroll_dot&quot;:&quot;yes&quot;}\">\n\t\t\t\t\t\t\t<div class=\"elementor-background-overlay\"><\/div>\n\t\t\t\t\t\t\t<div class=\"elementor-container elementor-column-gap-no\">\n\t\t\t\t\t<div class=\"elementor-column elementor-col-100 elementor-top-column elementor-element elementor-element-0ac549f\" data-id=\"0ac549f\" data-element_type=\"column\">\n\t\t\t<div class=\"elementor-widget-wrap elementor-element-populated\">\n\t\t\t\t\t\t\t\t<section class=\"elementor-section elementor-inner-section elementor-element elementor-element-980ef64 elementor-section-boxed elementor-section-height-default elementor-section-height-default\" data-id=\"980ef64\" data-element_type=\"section\" data-settings=\"{&quot;ekit_has_onepagescroll_dot&quot;:&quot;yes&quot;}\">\n\t\t\t\t\t\t<div class=\"elementor-container elementor-column-gap-default\">\n\t\t\t\t\t<div class=\"elementor-column elementor-col-33 elementor-inner-column elementor-element elementor-element-e6693ce elementor-invisible\" data-id=\"e6693ce\" data-element_type=\"column\" data-settings=\"{&quot;animation&quot;:&quot;fadeInUp&quot;}\">\n\t\t\t<div class=\"elementor-widget-wrap elementor-element-populated\">\n\t\t\t\t\t\t\t\t<div class=\"elementor-element elementor-element-c0f4e17 ekit-equal-height-enable elementor-widget elementor-widget-elementskit-image-box\" data-id=\"c0f4e17\" data-element_type=\"widget\" data-settings=\"{&quot;ekit_we_effect_on&quot;:&quot;none&quot;}\" data-widget_type=\"elementskit-image-box.default\">\n\t\t\t\t<div class=\"elementor-widget-container\">\n\t\t\t<div class=\"ekit-wid-con\" >\n            <div class=\"elementskit-info-image-box ekit-image-box text-center hover_from_right hover-border-bottom\" >\n\n                \n                <div class=\"elementskit-box-header image-box-img-center\">\n\n                    <img loading=\"lazy\" decoding=\"async\" width=\"700\" height=\"472\" src=\"https:\/\/owlnight.net\/wp-content\/uploads\/2022\/01\/services-img-1.png\" class=\"attachment-full size-full wp-image-2659\" alt=\"\" srcset=\"https:\/\/owlnight.net\/wp-content\/uploads\/2022\/01\/services-img-1.png 700w, https:\/\/owlnight.net\/wp-content\/uploads\/2022\/01\/services-img-1-300x202.png 300w, https:\/\/owlnight.net\/wp-content\/uploads\/2022\/01\/services-img-1-18x12.png 18w\" sizes=\"auto, (max-width: 700px) 100vw, 700px\" \/>\n                <\/div>\n                \n                <div class=\"elementskit-box-body ekit-image-box-body\">\n                    <div class=\"elementskit-box-content ekit-image-box-body-inner\">\n                                                <h3 class=\"elementskit-info-box-title\">\n\n                        Misi\u00f3n\n                        \n                    <\/h3>\n                                                            <div class=\"elementskit-box-style-content\">\n                        Trabajar de la mano con las diferentes familias alrededor del mundo, implementando h\u00e1bitos saludables de sue\u00f1o desde edades muy tempranas, para que los ni\u00f1os duerman y descansen mejor, optimizando el bienestar de la familia.                    <\/div>\n                                    <\/div>\n\n                            <\/div>\n            <\/div>\n    <\/div>\t\t<\/div>\n\t\t\t\t<\/div>\n\t\t\t\t\t<\/div>\n\t\t<\/div>\n\t\t\t\t<div class=\"elementor-column elementor-col-33 elementor-inner-column elementor-element elementor-element-725c36a elementor-invisible\" data-id=\"725c36a\" data-element_type=\"column\" data-settings=\"{&quot;animation&quot;:&quot;fadeInUp&quot;}\">\n\t\t\t<div class=\"elementor-widget-wrap elementor-element-populated\">\n\t\t\t\t\t\t\t\t<div class=\"elementor-element elementor-element-539f03c ekit-equal-height-disable elementor-widget elementor-widget-elementskit-image-box\" data-id=\"539f03c\" data-element_type=\"widget\" data-settings=\"{&quot;ekit_we_effect_on&quot;:&quot;none&quot;}\" data-widget_type=\"elementskit-image-box.default\">\n\t\t\t\t<div class=\"elementor-widget-container\">\n\t\t\t<div class=\"ekit-wid-con\" >\n            <div class=\"elementskit-info-image-box ekit-image-box text-center hover_from_right hover-border-bottom\" >\n\n                \n                <div class=\"elementskit-box-header image-box-img-center\">\n\n                    <img loading=\"lazy\" decoding=\"async\" width=\"700\" height=\"472\" src=\"https:\/\/owlnight.net\/wp-content\/uploads\/2022\/01\/philosophy-img-1.png\" class=\"attachment-full size-full wp-image-2660\" alt=\"\" srcset=\"https:\/\/owlnight.net\/wp-content\/uploads\/2022\/01\/philosophy-img-1.png 700w, https:\/\/owlnight.net\/wp-content\/uploads\/2022\/01\/philosophy-img-1-300x202.png 300w, https:\/\/owlnight.net\/wp-content\/uploads\/2022\/01\/philosophy-img-1-18x12.png 18w\" sizes=\"auto, (max-width: 700px) 100vw, 700px\" \/>\n                <\/div>\n                \n                <div class=\"elementskit-box-body ekit-image-box-body\">\n                    <div class=\"elementskit-box-content ekit-image-box-body-inner\">\n                                                <h3 class=\"elementskit-info-box-title\">\n\n                        Visi\u00f3n\n                        \n                    <\/h3>\n                                                            <div class=\"elementskit-box-style-content\">\n                        Concientizar sobre la importancia del sue\u00f1o en nuestras vidas para mejorar la salud, el bienestar y el rendimiento de toda la familia al  ense\u00f1ar a nuestros hijos la habilidad de dormirse solos a trav\u00e9s de la auto-regulaci\u00f3n, utilizando estrategias gentiles y graduales.                     <\/div>\n                                    <\/div>\n\n                            <\/div>\n            <\/div>\n    <\/div>\t\t<\/div>\n\t\t\t\t<\/div>\n\t\t\t\t\t<\/div>\n\t\t<\/div>\n\t\t\t\t<div class=\"elementor-column elementor-col-33 elementor-inner-column elementor-element elementor-element-8f05d75 elementor-invisible\" data-id=\"8f05d75\" data-element_type=\"column\" data-settings=\"{&quot;animation&quot;:&quot;fadeInUp&quot;}\">\n\t\t\t<div class=\"elementor-widget-wrap elementor-element-populated\">\n\t\t\t\t\t\t\t\t<div class=\"elementor-element elementor-element-30a403d ekit-equal-height-enable elementor-widget elementor-widget-elementskit-image-box\" data-id=\"30a403d\" data-element_type=\"widget\" data-settings=\"{&quot;ekit_we_effect_on&quot;:&quot;none&quot;}\" data-widget_type=\"elementskit-image-box.default\">\n\t\t\t\t<div class=\"elementor-widget-container\">\n\t\t\t<div class=\"ekit-wid-con\" >\n            <div class=\"elementskit-info-image-box ekit-image-box text-center hover_from_right hover-border-bottom\" >\n\n                \n                <div class=\"elementskit-box-header image-box-img-center\">\n\n                    <img loading=\"lazy\" decoding=\"async\" width=\"700\" height=\"472\" src=\"https:\/\/owlnight.net\/wp-content\/uploads\/2022\/01\/Certifies-img-1.png\" class=\"attachment-full size-full wp-image-2661\" alt=\"\" srcset=\"https:\/\/owlnight.net\/wp-content\/uploads\/2022\/01\/Certifies-img-1.png 700w, https:\/\/owlnight.net\/wp-content\/uploads\/2022\/01\/Certifies-img-1-300x202.png 300w, https:\/\/owlnight.net\/wp-content\/uploads\/2022\/01\/Certifies-img-1-18x12.png 18w\" sizes=\"auto, (max-width: 700px) 100vw, 700px\" \/>\n                <\/div>\n                \n                <div class=\"elementskit-box-body ekit-image-box-body\">\n                    <div class=\"elementskit-box-content ekit-image-box-body-inner\">\n                                                <h3 class=\"elementskit-info-box-title\">\n\n                        Valores\n                        \n                    <\/h3>\n                                                            <div class=\"elementskit-box-style-content\">\n                        Confianza <br>\nFamilia <br>\nCrecimiento <br>\nEmpat\u00eda <br>\nConstancia <br>\n                    <\/div>\n                                    <\/div>\n\n                            <\/div>\n            <\/div>\n    <\/div>\t\t<\/div>\n\t\t\t\t<\/div>\n\t\t\t\t\t<\/div>\n\t\t<\/div>\n\t\t\t\t\t\t\t<\/div>\n\t\t<\/section>\n\t\t\t\t\t<\/div>\n\t\t<\/div>\n\t\t\t\t\t\t\t<\/div>\n\t\t<\/section>\n\t\t\t\t<section class=\"elementor-section elementor-top-section elementor-element elementor-element-63a2890 elementor-section-boxed elementor-section-height-default elementor-section-height-default\" data-id=\"63a2890\" data-element_type=\"section\" data-settings=\"{&quot;background_background&quot;:&quot;classic&quot;,&quot;animation&quot;:&quot;none&quot;,&quot;ekit_has_onepagescroll_dot&quot;:&quot;yes&quot;}\">\n\t\t\t\t\t\t<div class=\"elementor-container elementor-column-gap-no\">\n\t\t\t\t\t<div class=\"elementor-column elementor-col-100 elementor-top-column elementor-element elementor-element-f8a1912\" data-id=\"f8a1912\" data-element_type=\"column\" data-settings=\"{&quot;background_background&quot;:&quot;classic&quot;,&quot;animation&quot;:&quot;none&quot;}\">\n\t\t\t<div class=\"elementor-widget-wrap elementor-element-populated\">\n\t\t\t\t\t\t\t\t<div class=\"elementor-element elementor-element-1cdf530 elementor-widget elementor-widget-heading\" data-id=\"1cdf530\" data-element_type=\"widget\" data-settings=\"{&quot;ekit_we_effect_on&quot;:&quot;none&quot;}\" data-widget_type=\"heading.default\">\n\t\t\t\t<div class=\"elementor-widget-container\">\n\t\t\t<h3 class=\"elementor-heading-title elementor-size-default\">Si est\u00e1s listo para dormir toda la noche de corrido<\/h3>\t\t<\/div>\n\t\t\t\t<\/div>\n\t\t\t\t<div class=\"elementor-element elementor-element-f0343e2 elementor-view-default elementor-widget elementor-widget-icon\" data-id=\"f0343e2\" data-element_type=\"widget\" data-settings=\"{&quot;ekit_we_effect_on&quot;:&quot;none&quot;}\" data-widget_type=\"icon.default\">\n\t\t\t\t<div class=\"elementor-widget-container\">\n\t\t\t\t\t<div class=\"elementor-icon-wrapper\">\n\t\t\t<div class=\"elementor-icon\">\n\t\t\t<i aria-hidden=\"true\" class=\"fas fa-arrow-down\"><\/i>\t\t\t<\/div>\n\t\t<\/div>\n\t\t\t\t<\/div>\n\t\t\t\t<\/div>\n\t\t\t\t<div class=\"elementor-element elementor-element-38ca0fa elementor-align-center elementor-widget elementor-widget-button\" data-id=\"38ca0fa\" data-element_type=\"widget\" data-settings=\"{&quot;ekit_we_effect_on&quot;:&quot;none&quot;}\" data-widget_type=\"button.default\">\n\t\t\t\t<div class=\"elementor-widget-container\">\n\t\t\t\t\t<div class=\"elementor-button-wrapper\">\n\t\t\t<a href=\"https:\/\/owlnight.net\/es\/contact-me\/\" class=\"elementor-button-link elementor-button elementor-size-sm elementor-animation-grow\" role=\"button\">\n\t\t\t\t\t\t<span class=\"elementor-button-content-wrapper\">\n\t\t\t\t\t\t<span class=\"elementor-button-text\"> Click Aqu\u00ed<\/span>\n\t\t<\/span>\n\t\t\t\t\t<\/a>\n\t\t<\/div>\n\t\t\t\t<\/div>\n\t\t\t\t<\/div>\n\t\t\t\t\t<\/div>\n\t\t<\/div>\n\t\t\t\t\t\t\t<\/div>\n\t\t<\/section>\n\t\t\t\t\t\t\t<\/div>","protected":false},"excerpt":{"rendered":"<p>As parents we are responsible for giving our children the tools to promote optimal development Finding the right balance Finding the right balance For both children and adults, sleep is one of the pillars of our well-being, it is as important in our lives as having a balanced diet. We must make sure that our &hellip;<\/p>\n<p class=\"read-more\"> <a class=\"\" href=\"https:\/\/owlnight.net\/es\/philosophy\/\"> <span class=\"screen-reader-text\">Filosof\u00eda<\/span> Leer m\u00e1s &raquo;<\/a><\/p>","protected":false},"author":1,"featured_media":0,"parent":0,"menu_order":0,"comment_status":"closed","ping_status":"closed","template":"","meta":{"site-sidebar-layout":"no-sidebar","site-content-layout":"page-builder","ast-global-header-display":"","ast-main-header-display":"","ast-hfb-above-header-display":"","ast-hfb-below-header-display":"","ast-hfb-mobile-header-display":"","site-post-title":"disabled","ast-breadcrumbs-content":"","ast-featured-img":"disabled","footer-sml-layout":"","theme-transparent-header-meta":"default","adv-header-id-meta":"","stick-header-meta":"","header-above-stick-meta":"","header-main-stick-meta":"","header-below-stick-meta":"","footnotes":""},"class_list":["post-2424","page","type-page","status-publish","hentry"],"_links":{"self":[{"href":"https:\/\/owlnight.net\/es\/wp-json\/wp\/v2\/pages\/2424","targetHints":{"allow":["GET"]}}],"collection":[{"href":"https:\/\/owlnight.net\/es\/wp-json\/wp\/v2\/pages"}],"about":[{"href":"https:\/\/owlnight.net\/es\/wp-json\/wp\/v2\/types\/page"}],"author":[{"embeddable":true,"href":"https:\/\/owlnight.net\/es\/wp-json\/wp\/v2\/users\/1"}],"replies":[{"embeddable":true,"href":"https:\/\/owlnight.net\/es\/wp-json\/wp\/v2\/comments?post=2424"}],"version-history":[{"count":130,"href":"https:\/\/owlnight.net\/es\/wp-json\/wp\/v2\/pages\/2424\/revisions"}],"predecessor-version":[{"id":4416,"href":"https:\/\/owlnight.net\/es\/wp-json\/wp\/v2\/pages\/2424\/revisions\/4416"}],"wp:attachment":[{"href":"https:\/\/owlnight.net\/es\/wp-json\/wp\/v2\/media?parent=2424"}],"curies":[{"name":"wp","href":"https:\/\/api.w.org\/{rel}","templated":true}]}}